{"id":1486,"date":"2023-02-19T16:08:51","date_gmt":"2023-02-19T13:08:51","guid":{"rendered":"https:\/\/gursantelmetal.com\/?post_type=product&#038;p=1486"},"modified":"2026-01-07T13:36:55","modified_gmt":"2026-01-07T10:36:55","slug":"insaat-civisi","status":"publish","type":"product","link":"https:\/\/gursantelmetal.com\/index.php\/urun\/insaat-civisi\/","title":{"rendered":"\u0130n\u015faat \u00c7ivisi"},"content":{"rendered":"<table width=\"278\">\n<tbody>\n<tr>\n<td width=\"197\">\u00dcR\u00dcN ADI<\/td>\n<td width=\"81\">KOL\u0130 KG<\/td>\n<\/tr>\n<tr>\n<td>3&#8217;L\u00dcK<\/td>\n<td>20,0<\/td>\n<\/tr>\n<tr>\n<td>4&#8217;L\u00dcK<\/td>\n<td>20,0<\/td>\n<\/tr>\n<tr>\n<td>5&#8217;L\u0130K<\/td>\n<td>20,0<\/td>\n<\/tr>\n<tr>\n<td>6&#8217;LIK<\/td>\n<td>20,0<\/td>\n<\/tr>\n<tr>\n<td>7&#8217;L\u0130K<\/td>\n<td>20,0<\/td>\n<\/tr>\n<tr>\n<td>8&#8217;L\u0130K<\/td>\n<td>20,0<\/td>\n<\/tr>\n<tr>\n<td>10&#8217;LUK<\/td>\n<td>20,0<\/td>\n<\/tr>\n<tr>\n<td>12&#8217;L\u0130K<\/td>\n<td>20,0<\/td>\n<\/tr>\n<tr>\n<td>15&#8217;L\u0130K<\/td>\n<td>20,0<\/td>\n<\/tr>\n<tr>\n<td>18&#8217;L\u0130K<\/td>\n<td>20,0<\/td>\n<\/tr>\n<tr>\n<td>20&#8217;L\u0130K<\/td>\n<td>20,0<\/td>\n<\/tr>\n<\/tbody>\n<\/table>\n","protected":false},"excerpt":{"rendered":"<p>Detayl\u0131 bilgi ve fiyat i\u00e7in l\u00fctfen ula\u015f\u0131n\u0131z.<\/p>\n<p>+90 532 062 80 33<\/p>\n","protected":false},"featured_media":1487,"comment_status":"open","ping_status":"closed","template":"","meta":{"site-sidebar-layout":"default","site-content-layout":"default","ast-site-content-layout":"","site-content-style":"default","site-sidebar-style":"default","ast-global-header-display":"","ast-banner-title-visibility":"","ast-main-header-display":"","ast-hfb-above-header-display":"","ast-hfb-below-header-display":"","ast-hfb-mobile-header-display":"","site-post-title":"","ast-breadcrumbs-content":"","ast-featured-img":"","footer-sml-layout":"","theme-transparent-header-meta":"default","adv-header-id-meta":"","stick-header-meta":"","header-above-stick-meta":"","header-main-stick-meta":"","header-below-stick-meta":"","astra-migrate-meta-layouts":"default","ast-page-background-enabled":"default","ast-page-background-meta":{"desktop":{"background-color":"","background-image":"","background-repeat":"repeat","background-position":"center center","background-size":"auto","background-attachment":"scroll","background-type":"","background-media":"","overlay-type":"","overlay-color":"","overlay-opacity":"","overlay-gradient":""},"tablet":{"background-color":"","background-image":"","background-repeat":"repeat","background-position":"center center","background-size":"auto","background-attachment":"scroll","background-type":"","background-media":"","overlay-type":"","overlay-color":"","overlay-opacity":"","overlay-gradient":""},"mobile":{"background-color":"","background-image":"","background-repeat":"repeat","background-position":"center center","background-size":"auto","background-attachment":"scroll","background-type":"","background-media":"","overlay-type":"","overlay-color":"","overlay-opacity":"","overlay-gradient":""}},"ast-content-background-meta":{"desktop":{"background-color":"var(--ast-global-color-5)","background-image":"","background-repeat":"repeat","background-position":"center center","background-size":"auto","background-attachment":"scroll","background-type":"","background-media":"","overlay-type":"","overlay-color":"","overlay-opacity":"","overlay-gradient":""},"tablet":{"background-color":"var(--ast-global-color-5)","background-image":"","background-repeat":"repeat","background-position":"center center","background-size":"auto","background-attachment":"scroll","background-type":"","background-media":"","overlay-type":"","overlay-color":"","overlay-opacity":"","overlay-gradient":""},"mobile":{"background-color":"var(--ast-global-color-5)","background-image":"","background-repeat":"repeat","background-position":"center center","background-size":"auto","background-attachment":"scroll","background-type":"","background-media":"","overlay-type":"","overlay-color":"","overlay-opacity":"","overlay-gradient":""}}},"product_brand":[],"product_cat":[88],"product_tag":[46,100,51,101,52,95,96,97,98,99,45,40,94],"class_list":{"0":"post-1486","1":"product","2":"type-product","3":"status-publish","4":"has-post-thumbnail","6":"product_cat-insaat-civileri","7":"product_tag-46","8":"product_tag-100","9":"product_tag-51","10":"product_tag-101","11":"product_tag-52","12":"product_tag-95","13":"product_tag-96","14":"product_tag-97","15":"product_tag-98","16":"product_tag-99","17":"product_tag-45","18":"product_tag-civisi","19":"product_tag-insaat","20":"desktop-align-left","21":"tablet-align-left","22":"mobile-align-left","24":"first","25":"instock","26":"shipping-taxable","27":"product-type-grouped"},"_links":{"self":[{"href":"https:\/\/gursantelmetal.com\/index.php\/wp-json\/wp\/v2\/product\/1486","targetHints":{"allow":["GET"]}}],"collection":[{"href":"https:\/\/gursantelmetal.com\/index.php\/wp-json\/wp\/v2\/product"}],"about":[{"href":"https:\/\/gursantelmetal.com\/index.php\/wp-json\/wp\/v2\/types\/product"}],"replies":[{"embeddable":true,"href":"https:\/\/gursantelmetal.com\/index.php\/wp-json\/wp\/v2\/comments?post=1486"}],"wp:featuredmedia":[{"embeddable":true,"href":"https:\/\/gursantelmetal.com\/index.php\/wp-json\/wp\/v2\/media\/1487"}],"wp:attachment":[{"href":"https:\/\/gursantelmetal.com\/index.php\/wp-json\/wp\/v2\/media?parent=1486"}],"wp:term":[{"taxonomy":"product_brand","embeddable":true,"href":"https:\/\/gursantelmetal.com\/index.php\/wp-json\/wp\/v2\/product_brand?post=1486"},{"taxonomy":"product_cat","embeddable":true,"href":"https:\/\/gursantelmetal.com\/index.php\/wp-json\/wp\/v2\/product_cat?post=1486"},{"taxonomy":"product_tag","embeddable":true,"href":"https:\/\/gursantelmetal.com\/index.php\/wp-json\/wp\/v2\/product_tag?post=1486"}],"curies":[{"name":"wp","href":"https:\/\/api.w.org\/{rel}","templated":true}]}}