{"id":1469,"date":"2023-02-19T15:49:54","date_gmt":"2023-02-19T12:49:54","guid":{"rendered":"https:\/\/gursantelmetal.com\/?post_type=product&#038;p=1469"},"modified":"2023-02-19T15:50:19","modified_gmt":"2023-02-19T12:50:19","slug":"cam-monte-civisi-siyah","status":"publish","type":"product","link":"https:\/\/gursantelmetal.com\/index.php\/urun\/cam-monte-civisi-siyah\/","title":{"rendered":"Cam (Monte) \u00c7ivisi Siyah"},"content":{"rendered":"<table width=\"342\">\n<tbody>\n<tr>\n<td width=\"197\">\u00dcR\u00dcN ADI<\/td>\n<td width=\"81\">PO\u015eET KG<\/td>\n<td width=\"64\">KOL\u0130 KUTU ADED\u0130<\/td>\n<\/tr>\n<tr>\n<td>5\u00d718<\/td>\n<td>2,5<\/td>\n<td>20<\/td>\n<\/tr>\n<tr>\n<td>5\u00d722<\/td>\n<td>2,5<\/td>\n<td>20<\/td>\n<\/tr>\n<tr>\n<td>6\u00d722<\/td>\n<td>2,5<\/td>\n<td>20<\/td>\n<\/tr>\n<\/tbody>\n<\/table>\n","protected":false},"excerpt":{"rendered":"<p>Detayl\u0131 bilgi ve fiyat i\u00e7in l\u00fctfen ula\u015f\u0131n\u0131z.<\/p>\n<p>+90 532 062 80 33<\/p>\n","protected":false},"featured_media":1473,"comment_status":"open","ping_status":"closed","template":"","meta":{"site-sidebar-layout":"default","site-content-layout":"default","ast-site-content-layout":"","site-content-style":"default","site-sidebar-style":"default","ast-global-header-display":"","ast-banner-title-visibility":"","ast-main-header-display":"","ast-hfb-above-header-display":"","ast-hfb-below-header-display":"","ast-hfb-mobile-header-display":"","site-post-title":"","ast-breadcrumbs-content":"","ast-featured-img":"","footer-sml-layout":"","theme-transparent-header-meta":"default","adv-header-id-meta":"","stick-header-meta":"","header-above-stick-meta":"","header-main-stick-meta":"","header-below-stick-meta":"","astra-migrate-meta-layouts":"default","ast-page-background-enabled":"default","ast-page-background-meta":{"desktop":{"background-color":"","background-image":"","background-repeat":"repeat","background-position":"center center","background-size":"auto","background-attachment":"scroll","background-type":"","background-media":"","overlay-type":"","overlay-color":"","overlay-opacity":"","overlay-gradient":""},"tablet":{"background-color":"","background-image":"","background-repeat":"repeat","background-position":"center center","background-size":"auto","background-attachment":"scroll","background-type":"","background-media":"","overlay-type":"","overlay-color":"","overlay-opacity":"","overlay-gradient":""},"mobile":{"background-color":"","background-image":"","background-repeat":"repeat","background-position":"center center","background-size":"auto","background-attachment":"scroll","background-type":"","background-media":"","overlay-type":"","overlay-color":"","overlay-opacity":"","overlay-gradient":""}},"ast-content-background-meta":{"desktop":{"background-color":"var(--ast-global-color-5)","background-image":"","background-repeat":"repeat","background-position":"center center","background-size":"auto","background-attachment":"scroll","background-type":"","background-media":"","overlay-type":"","overlay-color":"","overlay-opacity":"","overlay-gradient":""},"tablet":{"background-color":"var(--ast-global-color-5)","background-image":"","background-repeat":"repeat","background-position":"center center","background-size":"auto","background-attachment":"scroll","background-type":"","background-media":"","overlay-type":"","overlay-color":"","overlay-opacity":"","overlay-gradient":""},"mobile":{"background-color":"var(--ast-global-color-5)","background-image":"","background-repeat":"repeat","background-position":"center center","background-size":"auto","background-attachment":"scroll","background-type":"","background-media":"","overlay-type":"","overlay-color":"","overlay-opacity":"","overlay-gradient":""}}},"product_brand":[],"product_cat":[80],"product_tag":[86,84,85,81,40,82,63],"class_list":{"0":"post-1469","1":"product","2":"type-product","3":"status-publish","4":"has-post-thumbnail","6":"product_cat-cam-monte-civileri","7":"product_tag-5x18","8":"product_tag-5x22","9":"product_tag-6x22","10":"product_tag-cam","11":"product_tag-civisi","12":"product_tag-monte","13":"product_tag-siyah","14":"desktop-align-left","15":"tablet-align-left","16":"mobile-align-left","18":"first","19":"instock","20":"shipping-taxable","21":"product-type-grouped"},"_links":{"self":[{"href":"https:\/\/gursantelmetal.com\/index.php\/wp-json\/wp\/v2\/product\/1469","targetHints":{"allow":["GET"]}}],"collection":[{"href":"https:\/\/gursantelmetal.com\/index.php\/wp-json\/wp\/v2\/product"}],"about":[{"href":"https:\/\/gursantelmetal.com\/index.php\/wp-json\/wp\/v2\/types\/product"}],"replies":[{"embeddable":true,"href":"https:\/\/gursantelmetal.com\/index.php\/wp-json\/wp\/v2\/comments?post=1469"}],"wp:featuredmedia":[{"embeddable":true,"href":"https:\/\/gursantelmetal.com\/index.php\/wp-json\/wp\/v2\/media\/1473"}],"wp:attachment":[{"href":"https:\/\/gursantelmetal.com\/index.php\/wp-json\/wp\/v2\/media?parent=1469"}],"wp:term":[{"taxonomy":"product_brand","embeddable":true,"href":"https:\/\/gursantelmetal.com\/index.php\/wp-json\/wp\/v2\/product_brand?post=1469"},{"taxonomy":"product_cat","embeddable":true,"href":"https:\/\/gursantelmetal.com\/index.php\/wp-json\/wp\/v2\/product_cat?post=1469"},{"taxonomy":"product_tag","embeddable":true,"href":"https:\/\/gursantelmetal.com\/index.php\/wp-json\/wp\/v2\/product_tag?post=1469"}],"curies":[{"name":"wp","href":"https:\/\/api.w.org\/{rel}","templated":true}]}}