{"id":1463,"date":"2023-02-19T15:36:37","date_gmt":"2023-02-19T12:36:37","guid":{"rendered":"https:\/\/gursantelmetal.com\/?post_type=product&#038;p=1463"},"modified":"2023-02-19T15:41:36","modified_gmt":"2023-02-19T12:41:36","slug":"tel-civiler-sari","status":"publish","type":"product","link":"https:\/\/gursantelmetal.com\/index.php\/urun\/tel-civiler-sari\/","title":{"rendered":"Tel \u00c7iviler (Sar\u0131)"},"content":{"rendered":"<table width=\"278\">\n<tbody>\n<tr>\n<td width=\"197\">\u00dcR\u00dcN ADI<\/td>\n<td width=\"81\">KOL\u0130 KG<\/td>\n<\/tr>\n<tr>\n<td>10&#215;20 TH &#8211; TP &#8211; BB<\/td>\n<td>2,5<\/td>\n<\/tr>\n<tr>\n<td>10&#215;25 TH &#8211; TP &#8211; BB<\/td>\n<td>2,5<\/td>\n<\/tr>\n<tr>\n<td>10&#215;30 TH &#8211; TP &#8211; BB<\/td>\n<td>2,5<\/td>\n<\/tr>\n<tr>\n<td>11&#215;35 TH &#8211; TP &#8211; BB<\/td>\n<td>2,5<\/td>\n<\/tr>\n<tr>\n<td>12&#215;40 TH &#8211; TP &#8211; BB<\/td>\n<td>2,5<\/td>\n<\/tr>\n<tr>\n<td>12&#215;50 TH &#8211; TP &#8211; BB<\/td>\n<td>2,5<\/td>\n<\/tr>\n<tr>\n<td>14&#215;60 TH &#8211; TP &#8211; BB<\/td>\n<td>2,5<\/td>\n<\/tr>\n<tr>\n<td>17&#215;30 TH &#8211; TP &#8211; BB<\/td>\n<td>2,5<\/td>\n<\/tr>\n<\/tbody>\n<\/table>\n","protected":false},"excerpt":{"rendered":"<p>Detayl\u0131 bilgi ve fiyat i\u00e7in l\u00fctfen ula\u015f\u0131n\u0131z.<\/p>\n<p>+90 532 062 80 33<\/p>\n","protected":false},"featured_media":1464,"comment_status":"open","ping_status":"closed","template":"","meta":{"site-sidebar-layout":"default","site-content-layout":"default","ast-site-content-layout":"","site-content-style":"default","site-sidebar-style":"default","ast-global-header-display":"","ast-banner-title-visibility":"","ast-main-header-display":"","ast-hfb-above-header-display":"","ast-hfb-below-header-display":"","ast-hfb-mobile-header-display":"","site-post-title":"","ast-breadcrumbs-content":"","ast-featured-img":"","footer-sml-layout":"","theme-transparent-header-meta":"default","adv-header-id-meta":"","stick-header-meta":"","header-above-stick-meta":"","header-main-stick-meta":"","header-below-stick-meta":"","astra-migrate-meta-layouts":"default","ast-page-background-enabled":"default","ast-page-background-meta":{"desktop":{"background-color":"","background-image":"","background-repeat":"repeat","background-position":"center center","background-size":"auto","background-attachment":"scroll","background-type":"","background-media":"","overlay-type":"","overlay-color":"","overlay-opacity":"","overlay-gradient":""},"tablet":{"background-color":"","background-image":"","background-repeat":"repeat","background-position":"center center","background-size":"auto","background-attachment":"scroll","background-type":"","background-media":"","overlay-type":"","overlay-color":"","overlay-opacity":"","overlay-gradient":""},"mobile":{"background-color":"","background-image":"","background-repeat":"repeat","background-position":"center center","background-size":"auto","background-attachment":"scroll","background-type":"","background-media":"","overlay-type":"","overlay-color":"","overlay-opacity":"","overlay-gradient":""}},"ast-content-background-meta":{"desktop":{"background-color":"var(--ast-global-color-5)","background-image":"","background-repeat":"repeat","background-position":"center center","background-size":"auto","background-attachment":"scroll","background-type":"","background-media":"","overlay-type":"","overlay-color":"","overlay-opacity":"","overlay-gradient":""},"tablet":{"background-color":"var(--ast-global-color-5)","background-image":"","background-repeat":"repeat","background-position":"center center","background-size":"auto","background-attachment":"scroll","background-type":"","background-media":"","overlay-type":"","overlay-color":"","overlay-opacity":"","overlay-gradient":""},"mobile":{"background-color":"var(--ast-global-color-5)","background-image":"","background-repeat":"repeat","background-position":"center center","background-size":"auto","background-attachment":"scroll","background-type":"","background-media":"","overlay-type":"","overlay-color":"","overlay-opacity":"","overlay-gradient":""}}},"product_brand":[],"product_cat":[60],"product_tag":[64,68,69,70,71,72,73,74,67,62,61,65,66],"class_list":{"0":"post-1463","1":"product","2":"type-product","3":"status-publish","4":"has-post-thumbnail","6":"product_cat-tel-civiler","7":"product_tag-10x20","8":"product_tag-10x25","9":"product_tag-10x30","10":"product_tag-11x35","11":"product_tag-12x40","12":"product_tag-12x50","13":"product_tag-14x60","14":"product_tag-17x30","15":"product_tag-bb","16":"product_tag-civiler","17":"product_tag-tel","18":"product_tag-th","19":"product_tag-tp","20":"desktop-align-left","21":"tablet-align-left","22":"mobile-align-left","24":"first","25":"instock","26":"shipping-taxable","27":"product-type-grouped"},"_links":{"self":[{"href":"https:\/\/gursantelmetal.com\/index.php\/wp-json\/wp\/v2\/product\/1463","targetHints":{"allow":["GET"]}}],"collection":[{"href":"https:\/\/gursantelmetal.com\/index.php\/wp-json\/wp\/v2\/product"}],"about":[{"href":"https:\/\/gursantelmetal.com\/index.php\/wp-json\/wp\/v2\/types\/product"}],"replies":[{"embeddable":true,"href":"https:\/\/gursantelmetal.com\/index.php\/wp-json\/wp\/v2\/comments?post=1463"}],"wp:featuredmedia":[{"embeddable":true,"href":"https:\/\/gursantelmetal.com\/index.php\/wp-json\/wp\/v2\/media\/1464"}],"wp:attachment":[{"href":"https:\/\/gursantelmetal.com\/index.php\/wp-json\/wp\/v2\/media?parent=1463"}],"wp:term":[{"taxonomy":"product_brand","embeddable":true,"href":"https:\/\/gursantelmetal.com\/index.php\/wp-json\/wp\/v2\/product_brand?post=1463"},{"taxonomy":"product_cat","embeddable":true,"href":"https:\/\/gursantelmetal.com\/index.php\/wp-json\/wp\/v2\/product_cat?post=1463"},{"taxonomy":"product_tag","embeddable":true,"href":"https:\/\/gursantelmetal.com\/index.php\/wp-json\/wp\/v2\/product_tag?post=1463"}],"curies":[{"name":"wp","href":"https:\/\/api.w.org\/{rel}","templated":true}]}}