{"id":1428,"date":"2023-02-19T14:35:33","date_gmt":"2023-02-19T11:35:33","guid":{"rendered":"https:\/\/gursantelmetal.com\/?post_type=product&#038;p=1428"},"modified":"2025-07-15T02:57:29","modified_gmt":"2025-07-14T23:57:29","slug":"beyaz-cizgili-celik-civi","status":"publish","type":"product","link":"https:\/\/gursantelmetal.com\/index.php\/urun\/beyaz-cizgili-celik-civi\/","title":{"rendered":"Beyaz \u00c7izgili \u00c7elik \u00c7ivi"},"content":{"rendered":"<p>Beyaz \u00c7izgili \u00c7elik \u00c7ivi<\/p>\n<table width=\"315\">\n<tbody>\n<tr>\n<td width=\"187\">\u00dcR\u00dcN ADI<\/td>\n<td width=\"64\">PO\u015eET<\/td>\n<td width=\"64\">KOL\u0130<\/td>\n<\/tr>\n<tr>\n<td>BEYAZ \u00c7\u0130ZG\u0130L\u0130 \u00c7EL\u0130K \u00c7\u0130V\u0130 4X40<\/td>\n<td>100<\/td>\n<td>80<\/td>\n<\/tr>\n<tr>\n<td>BEYAZ \u00c7\u0130ZG\u0130L\u0130 \u00c7EL\u0130K \u00c7\u0130V\u0130 4X50<\/td>\n<td>100<\/td>\n<td>60<\/td>\n<\/tr>\n<tr>\n<td>BEYAZ \u00c7\u0130ZG\u0130L\u0130 \u00c7EL\u0130K \u00c7\u0130V\u0130 4X60<\/td>\n<td>100<\/td>\n<td>48<\/td>\n<\/tr>\n<tr>\n<td>BEYAZ \u00c7\u0130ZG\u0130L\u0130 \u00c7EL\u0130K \u00c7\u0130V\u0130 5X70<\/td>\n<td>100<\/td>\n<td>40<\/td>\n<\/tr>\n<tr>\n<td>BEYAZ \u00c7\u0130ZG\u0130L\u0130 \u00c7EL\u0130K \u00c7\u0130V\u0130 5X80<\/td>\n<td>100<\/td>\n<td>40<\/td>\n<\/tr>\n<tr>\n<td>BEYAZ \u00c7\u0130ZG\u0130L\u0130 \u00c7EL\u0130 \u00c7\u0130V\u0130 5X100<\/td>\n<td>100<\/td>\n<td>32<\/td>\n<\/tr>\n<\/tbody>\n<\/table>\n","protected":false},"excerpt":{"rendered":"<p>Detayl\u0131 bilgi ve fiyat i\u00e7in l\u00fctfen ula\u015f\u0131n\u0131z.<\/p>\n<p>+90 532 062 80 33<\/p>\n","protected":false},"featured_media":1430,"comment_status":"open","ping_status":"closed","template":"","meta":{"site-sidebar-layout":"default","site-content-layout":"default","ast-site-content-layout":"","site-content-style":"default","site-sidebar-style":"default","ast-global-header-display":"","ast-banner-title-visibility":"","ast-main-header-display":"","ast-hfb-above-header-display":"","ast-hfb-below-header-display":"","ast-hfb-mobile-header-display":"","site-post-title":"","ast-breadcrumbs-content":"","ast-featured-img":"","footer-sml-layout":"","theme-transparent-header-meta":"default","adv-header-id-meta":"","stick-header-meta":"","header-above-stick-meta":"","header-main-stick-meta":"","header-below-stick-meta":"","astra-migrate-meta-layouts":"default","ast-page-background-enabled":"default","ast-page-background-meta":{"desktop":{"background-color":"","background-image":"","background-repeat":"repeat","background-position":"center center","background-size":"auto","background-attachment":"scroll","background-type":"","background-media":"","overlay-type":"","overlay-color":"","overlay-opacity":"","overlay-gradient":""},"tablet":{"background-color":"","background-image":"","background-repeat":"repeat","background-position":"center center","background-size":"auto","background-attachment":"scroll","background-type":"","background-media":"","overlay-type":"","overlay-color":"","overlay-opacity":"","overlay-gradient":""},"mobile":{"background-color":"","background-image":"","background-repeat":"repeat","background-position":"center center","background-size":"auto","background-attachment":"scroll","background-type":"","background-media":"","overlay-type":"","overlay-color":"","overlay-opacity":"","overlay-gradient":""}},"ast-content-background-meta":{"desktop":{"background-color":"var(--ast-global-color-5)","background-image":"","background-repeat":"repeat","background-position":"center center","background-size":"auto","background-attachment":"scroll","background-type":"","background-media":"","overlay-type":"","overlay-color":"","overlay-opacity":"","overlay-gradient":""},"tablet":{"background-color":"var(--ast-global-color-5)","background-image":"","background-repeat":"repeat","background-position":"center center","background-size":"auto","background-attachment":"scroll","background-type":"","background-media":"","overlay-type":"","overlay-color":"","overlay-opacity":"","overlay-gradient":""},"mobile":{"background-color":"var(--ast-global-color-5)","background-image":"","background-repeat":"repeat","background-position":"center center","background-size":"auto","background-attachment":"scroll","background-type":"","background-media":"","overlay-type":"","overlay-color":"","overlay-opacity":"","overlay-gradient":""}}},"product_brand":[],"product_cat":[26],"product_tag":[32,33,34,37,35,36,28,30,31,29],"class_list":{"0":"post-1428","1":"product","2":"type-product","3":"status-publish","4":"has-post-thumbnail","6":"product_cat-celik-civiler","7":"product_tag-4x40","8":"product_tag-4x50","9":"product_tag-4x60","10":"product_tag-5x100","11":"product_tag-5x70","12":"product_tag-5x80","13":"product_tag-beyaz","14":"product_tag-celik","15":"product_tag-civi","16":"product_tag-cizgili","17":"desktop-align-left","18":"tablet-align-left","19":"mobile-align-left","21":"first","22":"instock","23":"shipping-taxable","24":"product-type-grouped"},"_links":{"self":[{"href":"https:\/\/gursantelmetal.com\/index.php\/wp-json\/wp\/v2\/product\/1428","targetHints":{"allow":["GET"]}}],"collection":[{"href":"https:\/\/gursantelmetal.com\/index.php\/wp-json\/wp\/v2\/product"}],"about":[{"href":"https:\/\/gursantelmetal.com\/index.php\/wp-json\/wp\/v2\/types\/product"}],"replies":[{"embeddable":true,"href":"https:\/\/gursantelmetal.com\/index.php\/wp-json\/wp\/v2\/comments?post=1428"}],"wp:featuredmedia":[{"embeddable":true,"href":"https:\/\/gursantelmetal.com\/index.php\/wp-json\/wp\/v2\/media\/1430"}],"wp:attachment":[{"href":"https:\/\/gursantelmetal.com\/index.php\/wp-json\/wp\/v2\/media?parent=1428"}],"wp:term":[{"taxonomy":"product_brand","embeddable":true,"href":"https:\/\/gursantelmetal.com\/index.php\/wp-json\/wp\/v2\/product_brand?post=1428"},{"taxonomy":"product_cat","embeddable":true,"href":"https:\/\/gursantelmetal.com\/index.php\/wp-json\/wp\/v2\/product_cat?post=1428"},{"taxonomy":"product_tag","embeddable":true,"href":"https:\/\/gursantelmetal.com\/index.php\/wp-json\/wp\/v2\/product_tag?post=1428"}],"curies":[{"name":"wp","href":"https:\/\/api.w.org\/{rel}","templated":true}]}}